{"id":27,"date":"2021-02-05T13:55:49","date_gmt":"2021-02-05T13:55:49","guid":{"rendered":"https:\/\/wi239nm6j.homepage.t-online.de\/?page_id=27"},"modified":"2024-04-30T13:00:38","modified_gmt":"2024-04-30T13:00:38","slug":"uber-mich","status":"publish","type":"page","link":"https:\/\/buckandbones.de\/?page_id=27","title":{"rendered":"\u00dcber mich"},"content":{"rendered":"\t\t<div data-elementor-type=\"wp-page\" data-elementor-id=\"27\" class=\"elementor elementor-27\">\n\t\t\t\t\t\t\t\t\t<section class=\"elementor-section elementor-top-section elementor-element elementor-element-1bc1126 elementor-section-boxed elementor-section-height-default elementor-section-height-default\" data-id=\"1bc1126\" data-element_type=\"section\" data-settings=\"{&quot;background_background&quot;:&quot;classic&quot;}\">\n\t\t\t\t\t\t<div class=\"elementor-container elementor-column-gap-default\">\n\t\t\t\t\t<div class=\"elementor-column elementor-col-100 elementor-top-column elementor-element elementor-element-b72edcf\" data-id=\"b72edcf\" data-element_type=\"column\">\n\t\t\t<div class=\"elementor-widget-wrap elementor-element-populated\">\n\t\t\t\t\t\t\t\t<div class=\"elementor-element elementor-element-c82c20f elementor-widget elementor-widget-spacer\" data-id=\"c82c20f\" data-element_type=\"widget\" data-widget_type=\"spacer.default\">\n\t\t\t\t<div class=\"elementor-widget-container\">\n\t\t\t\t\t<div class=\"elementor-spacer\">\n\t\t\t<div class=\"elementor-spacer-inner\"><\/div>\n\t\t<\/div>\n\t\t\t\t<\/div>\n\t\t\t\t<\/div>\n\t\t\t\t<div class=\"elementor-element elementor-element-8c2ffec elementor-widget-divider--view-line_text elementor-widget-divider--element-align-center elementor-widget elementor-widget-divider\" data-id=\"8c2ffec\" data-element_type=\"widget\" data-widget_type=\"divider.default\">\n\t\t\t\t<div class=\"elementor-widget-container\">\n\t\t\t\t\t<div class=\"elementor-divider\">\n\t\t\t<span class=\"elementor-divider-separator\">\n\t\t\t\t\t\t\t<span class=\"elementor-divider__text elementor-divider__element\">\n\t\t\t\t\u00dcber mich\t\t\t\t<\/span>\n\t\t\t\t\t\t<\/span>\n\t\t<\/div>\n\t\t\t\t<\/div>\n\t\t\t\t<\/div>\n\t\t\t\t<section class=\"elementor-section elementor-inner-section elementor-element elementor-element-3d20909 elementor-section-boxed elementor-section-height-default elementor-section-height-default\" data-id=\"3d20909\" data-element_type=\"section\">\n\t\t\t\t\t\t<div class=\"elementor-container elementor-column-gap-default\">\n\t\t\t\t\t<div class=\"elementor-column elementor-col-50 elementor-inner-column elementor-element elementor-element-fbcdf3a\" data-id=\"fbcdf3a\" data-element_type=\"column\">\n\t\t\t<div class=\"elementor-widget-wrap elementor-element-populated\">\n\t\t\t\t\t\t\t\t<div class=\"elementor-element elementor-element-57b01ac elementor-widget elementor-widget-text-editor\" data-id=\"57b01ac\" data-element_type=\"widget\" data-widget_type=\"text-editor.default\">\n\t\t\t\t<div class=\"elementor-widget-container\">\n\t\t\t\t\t\t\t<p><strong>Mein Name ist Carola Richter. Ich bin 50 Jahre alt und lebe in einem Vorort von Wetzlar, Hessen. Berufst\u00e4tig, verheiratet und Mutter von drei Kindern, teile ich mein Zuhause mit einem Hund namens Buck und zwei Katzen.<\/strong><\/p><p>Buck, ein d\u00e4nischer Broholmer, ist seit 2020 ein wertvolles Mitglied unserer Familie. Sein Einzug hat mich dazu motiviert, mich intensiv mit Hundeern\u00e4hrung auseinanderzusetzen. Als naturverbundene Person mit einem starken Sinn f\u00fcr Qualit\u00e4t und gesunde Ern\u00e4hrung, war es mir ein Anliegen, dass Buck die bestm\u00f6gliche Nahrung erh\u00e4lt. Jedoch stellte sich dies als Herausforderung heraus, da ich zuvor nur wenig \u00fcber Hundeern\u00e4hrung wusste. Um Buck eine optimale Versorgung zu bieten, begann ich intensiv zu recherchieren, zu lesen und auszuprobieren.<\/p>\t\t\t\t\t\t<\/div>\n\t\t\t\t<\/div>\n\t\t\t\t\t<\/div>\n\t\t<\/div>\n\t\t\t\t<div class=\"elementor-column elementor-col-50 elementor-inner-column elementor-element elementor-element-ee3f845\" data-id=\"ee3f845\" data-element_type=\"column\">\n\t\t\t<div class=\"elementor-widget-wrap elementor-element-populated\">\n\t\t\t\t\t\t\t\t<div class=\"elementor-element elementor-element-b899c86 elementor-widget elementor-widget-image\" data-id=\"b899c86\" data-element_type=\"widget\" data-widget_type=\"image.default\">\n\t\t\t\t<div class=\"elementor-widget-container\">\n\t\t\t\t\t\t\t\t\t\t\t\t\t\t\t<img loading=\"lazy\" decoding=\"async\" width=\"683\" height=\"1024\" src=\"https:\/\/buckandbones.de\/wp-content\/uploads\/2022\/05\/B06A0211-1-683x1024.jpg\" class=\"attachment-large size-large\" alt=\"\" srcset=\"https:\/\/buckandbones.de\/wp-content\/uploads\/2022\/05\/B06A0211-1-683x1024.jpg 683w, https:\/\/buckandbones.de\/wp-content\/uploads\/2022\/05\/B06A0211-1-200x300.jpg 200w, https:\/\/buckandbones.de\/wp-content\/uploads\/2022\/05\/B06A0211-1-768x1152.jpg 768w, https:\/\/buckandbones.de\/wp-content\/uploads\/2022\/05\/B06A0211-1.jpg 800w\" sizes=\"auto, (max-width: 683px) 100vw, 683px\" \/>\t\t\t\t\t\t\t\t\t\t\t\t\t\t\t<\/div>\n\t\t\t\t<\/div>\n\t\t\t\t\t<\/div>\n\t\t<\/div>\n\t\t\t\t\t\t\t<\/div>\n\t\t<\/section>\n\t\t\t\t<div class=\"elementor-element elementor-element-a639036 elementor-widget elementor-widget-text-editor\" data-id=\"a639036\" data-element_type=\"widget\" data-widget_type=\"text-editor.default\">\n\t\t\t\t<div class=\"elementor-widget-container\">\n\t\t\t\t\t\t\t<p>Im Jahr 2021 erkrankte Buck an einer Darmentz\u00fcndung und entwickelte im weiteren Verlauf Probleme mit seiner Bauchspeicheldr\u00fcse. Trotz zahlreicher Tierarztbesuche und spezieller Di\u00e4tfutter vom Tierarzt, verschlechterte sich sein Zustand. Entschlossen, eine L\u00f6sung zu finden, begab ich mich auf Ursachenforschung und vertraute dabei auf meine Intuition. Dies f\u00fchrte mich zur Akademie &#8222;Gesund gef\u00fcttert&#8220; von Heidi Herrmann, wo ich eine Ausbildung zum Hundeern\u00e4hrungsberater absolvierte. Unter Heidis Anleitung und Fachwissen konnte ich Buck durch gesunde Ern\u00e4hrung, Pflanzenheilkunde und Hom\u00f6opathie erfolgreich unterst\u00fctzen.<\/p><p><br \/>Die Ausbildung bei Heidi hat nicht nur meine Kenntnisse \u00fcber Hundeern\u00e4hrung erweitert, sondern auch meine Faszination f\u00fcr dieses Gebiet vertieft. Ich bin dankbar f\u00fcr Heidis Expertise und Unterst\u00fctzung, die es mir erm\u00f6glicht haben, Buck zu helfen und sein Wohlbefinden wiederherzustellen. Es war eine harte Zeit, aber es hat sich definitiv gelohnt. Ohne dieses Wissen und die Unterst\u00fctzung von Heidi h\u00e4tte Buck das nicht \u00fcberlebt. Heidi ist f\u00fcr mich DIE Expertin in Sachen Hundeern\u00e4hrung. An dieser Stelle m\u00f6chte ich ihr meinen aufrichtigen Dank aussprechen.<br \/>Ich bin \u00fcberaus stolz darauf, dass wir diese Herausforderungen gemeistert haben.<br \/>Aus diesem Grund vertiefe ich nun mein Wissen und absolviere die Ausbildung zum Gesundheitsberater, was einem THP in Bezug auf Fachkenntnisse entspricht.<\/p>\t\t\t\t\t\t<\/div>\n\t\t\t\t<\/div>\n\t\t\t\t\t<\/div>\n\t\t<\/div>\n\t\t\t\t\t\t\t<\/div>\n\t\t<\/section>\n\t\t\t\t\t\t\t<\/div>\n\t\t","protected":false},"excerpt":{"rendered":"<p>\u00dcber mich Mein Name ist Carola Richter. Ich bin 50 Jahre alt und lebe in einem Vorort von Wetzlar, Hessen. Berufst\u00e4tig, verheiratet und Mutter von drei Kindern, teile ich mein Zuhause mit einem Hund namens Buck und zwei Katzen. Buck, ein d\u00e4nischer Broholmer, ist seit 2020 ein wertvolles Mitglied unserer Familie. Sein Einzug hat mich [&hellip;]<\/p>\n","protected":false},"author":6,"featured_media":0,"parent":0,"menu_order":0,"comment_status":"closed","ping_status":"closed","template":"","meta":{"footnotes":""},"class_list":["post-27","page","type-page","status-publish","hentry"],"yoast_head":"<!-- This site is optimized with the Yoast SEO plugin v18.8 - https:\/\/yoast.com\/wordpress\/plugins\/seo\/ -->\n<title>\u00dcber mich - Buck &amp; Bones<\/title>\n<meta name=\"robots\" content=\"index, follow, max-snippet:-1, max-image-preview:large, max-video-preview:-1\" \/>\n<link rel=\"canonical\" href=\"https:\/\/buckandbones.de\/?page_id=27\" \/>\n<meta property=\"og:locale\" content=\"de_DE\" \/>\n<meta property=\"og:type\" content=\"article\" \/>\n<meta property=\"og:title\" content=\"\u00dcber mich - Buck &amp; Bones\" \/>\n<meta property=\"og:description\" content=\"\u00dcber mich Mein Name ist Carola Richter. Ich bin 50 Jahre alt und lebe in einem Vorort von Wetzlar, Hessen. Berufst\u00e4tig, verheiratet und Mutter von drei Kindern, teile ich mein Zuhause mit einem Hund namens Buck und zwei Katzen. Buck, ein d\u00e4nischer Broholmer, ist seit 2020 ein wertvolles Mitglied unserer Familie. Sein Einzug hat mich [&hellip;]\" \/>\n<meta property=\"og:url\" content=\"https:\/\/buckandbones.de\/?page_id=27\" \/>\n<meta property=\"og:site_name\" content=\"Buck &amp; Bones\" \/>\n<meta property=\"article:modified_time\" content=\"2024-04-30T13:00:38+00:00\" \/>\n<meta property=\"og:image\" content=\"https:\/\/buckandbones.de\/wp-content\/uploads\/2022\/05\/B06A0211-1-683x1024.jpg\" \/>\n<meta name=\"twitter:card\" content=\"summary_large_image\" \/>\n<meta name=\"twitter:label1\" content=\"Gesch\u00e4tzte Lesezeit\" \/>\n\t<meta name=\"twitter:data1\" content=\"4\u00a0Minuten\" \/>\n<script type=\"application\/ld+json\" class=\"yoast-schema-graph\">{\"@context\":\"https:\/\/schema.org\",\"@graph\":[{\"@type\":\"WebSite\",\"@id\":\"https:\/\/buckandbones.de\/#website\",\"url\":\"https:\/\/buckandbones.de\/\",\"name\":\"Buck &amp; Bones\",\"description\":\"\",\"potentialAction\":[{\"@type\":\"SearchAction\",\"target\":{\"@type\":\"EntryPoint\",\"urlTemplate\":\"https:\/\/buckandbones.de\/?s={search_term_string}\"},\"query-input\":\"required name=search_term_string\"}],\"inLanguage\":\"de\"},{\"@type\":\"ImageObject\",\"inLanguage\":\"de\",\"@id\":\"https:\/\/buckandbones.de\/?page_id=27#primaryimage\",\"url\":\"https:\/\/buckandbones.de\/wp-content\/uploads\/2022\/05\/B06A0211-1.jpg\",\"contentUrl\":\"https:\/\/buckandbones.de\/wp-content\/uploads\/2022\/05\/B06A0211-1.jpg\",\"width\":800,\"height\":1200},{\"@type\":\"WebPage\",\"@id\":\"https:\/\/buckandbones.de\/?page_id=27#webpage\",\"url\":\"https:\/\/buckandbones.de\/?page_id=27\",\"name\":\"\u00dcber mich - Buck &amp; Bones\",\"isPartOf\":{\"@id\":\"https:\/\/buckandbones.de\/#website\"},\"primaryImageOfPage\":{\"@id\":\"https:\/\/buckandbones.de\/?page_id=27#primaryimage\"},\"datePublished\":\"2021-02-05T13:55:49+00:00\",\"dateModified\":\"2024-04-30T13:00:38+00:00\",\"breadcrumb\":{\"@id\":\"https:\/\/buckandbones.de\/?page_id=27#breadcrumb\"},\"inLanguage\":\"de\",\"potentialAction\":[{\"@type\":\"ReadAction\",\"target\":[\"https:\/\/buckandbones.de\/?page_id=27\"]}]},{\"@type\":\"BreadcrumbList\",\"@id\":\"https:\/\/buckandbones.de\/?page_id=27#breadcrumb\",\"itemListElement\":[{\"@type\":\"ListItem\",\"position\":1,\"name\":\"Home\",\"item\":\"https:\/\/buckandbones.de\/\"},{\"@type\":\"ListItem\",\"position\":2,\"name\":\"\u00dcber mich\"}]}]}<\/script>\n<!-- \/ Yoast SEO plugin. -->","yoast_head_json":{"title":"\u00dcber mich - Buck &amp; Bones","robots":{"index":"index","follow":"follow","max-snippet":"max-snippet:-1","max-image-preview":"max-image-preview:large","max-video-preview":"max-video-preview:-1"},"canonical":"https:\/\/buckandbones.de\/?page_id=27","og_locale":"de_DE","og_type":"article","og_title":"\u00dcber mich - Buck &amp; Bones","og_description":"\u00dcber mich Mein Name ist Carola Richter. Ich bin 50 Jahre alt und lebe in einem Vorort von Wetzlar, Hessen. Berufst\u00e4tig, verheiratet und Mutter von drei Kindern, teile ich mein Zuhause mit einem Hund namens Buck und zwei Katzen. Buck, ein d\u00e4nischer Broholmer, ist seit 2020 ein wertvolles Mitglied unserer Familie. Sein Einzug hat mich [&hellip;]","og_url":"https:\/\/buckandbones.de\/?page_id=27","og_site_name":"Buck &amp; Bones","article_modified_time":"2024-04-30T13:00:38+00:00","og_image":[{"url":"https:\/\/buckandbones.de\/wp-content\/uploads\/2022\/05\/B06A0211-1-683x1024.jpg"}],"twitter_card":"summary_large_image","twitter_misc":{"Gesch\u00e4tzte Lesezeit":"4\u00a0Minuten"},"schema":{"@context":"https:\/\/schema.org","@graph":[{"@type":"WebSite","@id":"https:\/\/buckandbones.de\/#website","url":"https:\/\/buckandbones.de\/","name":"Buck &amp; Bones","description":"","potentialAction":[{"@type":"SearchAction","target":{"@type":"EntryPoint","urlTemplate":"https:\/\/buckandbones.de\/?s={search_term_string}"},"query-input":"required name=search_term_string"}],"inLanguage":"de"},{"@type":"ImageObject","inLanguage":"de","@id":"https:\/\/buckandbones.de\/?page_id=27#primaryimage","url":"https:\/\/buckandbones.de\/wp-content\/uploads\/2022\/05\/B06A0211-1.jpg","contentUrl":"https:\/\/buckandbones.de\/wp-content\/uploads\/2022\/05\/B06A0211-1.jpg","width":800,"height":1200},{"@type":"WebPage","@id":"https:\/\/buckandbones.de\/?page_id=27#webpage","url":"https:\/\/buckandbones.de\/?page_id=27","name":"\u00dcber mich - Buck &amp; Bones","isPartOf":{"@id":"https:\/\/buckandbones.de\/#website"},"primaryImageOfPage":{"@id":"https:\/\/buckandbones.de\/?page_id=27#primaryimage"},"datePublished":"2021-02-05T13:55:49+00:00","dateModified":"2024-04-30T13:00:38+00:00","breadcrumb":{"@id":"https:\/\/buckandbones.de\/?page_id=27#breadcrumb"},"inLanguage":"de","potentialAction":[{"@type":"ReadAction","target":["https:\/\/buckandbones.de\/?page_id=27"]}]},{"@type":"BreadcrumbList","@id":"https:\/\/buckandbones.de\/?page_id=27#breadcrumb","itemListElement":[{"@type":"ListItem","position":1,"name":"Home","item":"https:\/\/buckandbones.de\/"},{"@type":"ListItem","position":2,"name":"\u00dcber mich"}]}]}},"_links":{"self":[{"href":"https:\/\/buckandbones.de\/index.php?rest_route=\/wp\/v2\/pages\/27","targetHints":{"allow":["GET"]}}],"collection":[{"href":"https:\/\/buckandbones.de\/index.php?rest_route=\/wp\/v2\/pages"}],"about":[{"href":"https:\/\/buckandbones.de\/index.php?rest_route=\/wp\/v2\/types\/page"}],"author":[{"embeddable":true,"href":"https:\/\/buckandbones.de\/index.php?rest_route=\/wp\/v2\/users\/6"}],"replies":[{"embeddable":true,"href":"https:\/\/buckandbones.de\/index.php?rest_route=%2Fwp%2Fv2%2Fcomments&post=27"}],"version-history":[{"count":179,"href":"https:\/\/buckandbones.de\/index.php?rest_route=\/wp\/v2\/pages\/27\/revisions"}],"predecessor-version":[{"id":1392,"href":"https:\/\/buckandbones.de\/index.php?rest_route=\/wp\/v2\/pages\/27\/revisions\/1392"}],"wp:attachment":[{"href":"https:\/\/buckandbones.de\/index.php?rest_route=%2Fwp%2Fv2%2Fmedia&parent=27"}],"curies":[{"name":"wp","href":"https:\/\/api.w.org\/{rel}","templated":true}]}}