{"id":798,"date":"2022-04-18T11:55:02","date_gmt":"2022-04-18T11:55:02","guid":{"rendered":"https:\/\/wip.buckandbones.de\/?page_id=798"},"modified":"2024-04-26T19:55:50","modified_gmt":"2024-04-26T19:55:50","slug":"kochen-duich","status":"publish","type":"page","link":"https:\/\/buckandbones.de\/?page_id=798","title":{"rendered":"Kochen Du &#038; Ich"},"content":{"rendered":"\t\t<div data-elementor-type=\"wp-page\" data-elementor-id=\"798\" class=\"elementor elementor-798\">\n\t\t\t\t\t\t\t\t\t<section class=\"elementor-section elementor-top-section elementor-element elementor-element-0d17499 elementor-section-boxed elementor-section-height-default elementor-section-height-default\" data-id=\"0d17499\" data-element_type=\"section\" data-settings=\"{&quot;background_background&quot;:&quot;classic&quot;}\">\n\t\t\t\t\t\t<div class=\"elementor-container elementor-column-gap-default\">\n\t\t\t\t\t<div class=\"elementor-column elementor-col-100 elementor-top-column elementor-element elementor-element-160daad\" data-id=\"160daad\" data-element_type=\"column\">\n\t\t\t<div class=\"elementor-widget-wrap elementor-element-populated\">\n\t\t\t\t\t\t\t\t<div class=\"elementor-element elementor-element-53aedd6 elementor-widget elementor-widget-spacer\" data-id=\"53aedd6\" data-element_type=\"widget\" data-widget_type=\"spacer.default\">\n\t\t\t\t<div class=\"elementor-widget-container\">\n\t\t\t\t\t<div class=\"elementor-spacer\">\n\t\t\t<div class=\"elementor-spacer-inner\"><\/div>\n\t\t<\/div>\n\t\t\t\t<\/div>\n\t\t\t\t<\/div>\n\t\t\t\t<div class=\"elementor-element elementor-element-60c69f4 elementor-widget-divider--view-line_text elementor-widget-divider--element-align-center elementor-widget elementor-widget-divider\" data-id=\"60c69f4\" data-element_type=\"widget\" data-widget_type=\"divider.default\">\n\t\t\t\t<div class=\"elementor-widget-container\">\n\t\t\t\t\t<div class=\"elementor-divider\">\n\t\t\t<span class=\"elementor-divider-separator\">\n\t\t\t\t\t\t\t<span class=\"elementor-divider__text elementor-divider__element\">\n\t\t\t\tKochen f\u00fcr Deinen Vierbeiner\t\t\t\t<\/span>\n\t\t\t\t\t\t<\/span>\n\t\t<\/div>\n\t\t\t\t<\/div>\n\t\t\t\t<\/div>\n\t\t\t\t\t<\/div>\n\t\t<\/div>\n\t\t\t\t\t\t\t<\/div>\n\t\t<\/section>\n\t\t\t\t<section class=\"elementor-section elementor-top-section elementor-element elementor-element-2e5b8fb elementor-section-boxed elementor-section-height-default elementor-section-height-default\" data-id=\"2e5b8fb\" data-element_type=\"section\">\n\t\t\t\t\t\t<div class=\"elementor-container elementor-column-gap-default\">\n\t\t\t\t\t<div class=\"elementor-column elementor-col-100 elementor-top-column elementor-element elementor-element-bd9d4b7\" data-id=\"bd9d4b7\" data-element_type=\"column\">\n\t\t\t<div class=\"elementor-widget-wrap elementor-element-populated\">\n\t\t\t\t\t\t\t\t<div class=\"elementor-element elementor-element-9536f00 elementor-widget elementor-widget-text-editor\" data-id=\"9536f00\" data-element_type=\"widget\" data-widget_type=\"text-editor.default\">\n\t\t\t\t<div class=\"elementor-widget-container\">\n\t\t\t\t\t\t\t<p>Das Zubereiten von hausgemachtem Futter f\u00fcr deinen Hund bietet eine Reihe von Vorteilen:<\/p><ol><li>Kontrolle \u00fcber die Inhaltsstoffe:<br \/>Beim selbst Kochen wei\u00dft du genau, welche Zutaten im Futter deines Hundes enthalten sind, und kannst sicherstellen, dass es frei von k\u00fcnstlichen Zusatzstoffen, Konservierungsstoffen oder minderwertigen Inhaltsstoffen ist.<\/li><li>Anpassung an individuelle Bed\u00fcrfnisse:<br \/>Du kannst die Mahlzeiten entsprechend den spezifischen Bed\u00fcrfnissen und Vorlieben deines Hundes anpassen, sei es bez\u00fcglich Allergien, Nahrungsmittelunvertr\u00e4glichkeiten oder gesundheitlicher Bedenken.<\/li><li>Frische und Qualit\u00e4t:<br \/>Selbst zubereitetes Futter erm\u00f6glicht es, hochwertige und frische Zutaten zu verwenden, was die N\u00e4hrstoffqualit\u00e4t erh\u00f6ht und die allgemeine Gesundheit deines Hundes f\u00f6rdert.<\/li><li>Vielfalt und Abwechslung:<br \/>Durch das Kochen zu Hause kannst du eine Vielzahl von Rezepten ausprobieren und deinem Hund eine abwechslungsreiche Ern\u00e4hrung bieten, die nicht nur gesund, sondern auch schmackhaft ist.<\/li><li>Sicherheit und Vertrauen: Indem du selbst f\u00fcr die Ern\u00e4hrung deines Hundes verantwortlich bist, kannst du sicherstellen, dass er nur das Beste bekommt und ein hohes Ma\u00df an Vertrauen in die Qualit\u00e4t seines Futters haben.<\/li><\/ol><p>\u00a0<\/p><p>Insgesamt bietet das Kochen f\u00fcr deinen Hund eine M\u00f6glichkeit, seine Ern\u00e4hrung individuell anzupassen, seine Gesundheit zu f\u00f6rdern und eure Bindung zu st\u00e4rken.<\/p><p>Gerne komme ich zu dir nach Hause, und gemeinsam bereiten wir ein gesundes und k\u00f6stliches Men\u00fc f\u00fcr deinen vierbeinigen Begleiter zu. Ich werde dir zeigen, worauf du bei der Zubereitung achten solltest, dir Tipps geben und gerne auch die Zutaten besorgen. Es gibt eine Vielzahl gro\u00dfartiger Rezepte, die du f\u00fcr deinen Hund selbst zubereiten kannst \u2013 lass dich \u00fcberraschen und entdecke die kulinarische Vielfalt f\u00fcr deinen Liebling.<\/p><p>Der Preis f\u00fcr dieses individuelle Kocherlebnis wird auf Anfrage berechnet.<\/p>\t\t\t\t\t\t<\/div>\n\t\t\t\t<\/div>\n\t\t\t\t<div class=\"elementor-element elementor-element-2db77a3 elementor-widget elementor-widget-spacer\" data-id=\"2db77a3\" data-element_type=\"widget\" data-widget_type=\"spacer.default\">\n\t\t\t\t<div class=\"elementor-widget-container\">\n\t\t\t\t\t<div class=\"elementor-spacer\">\n\t\t\t<div class=\"elementor-spacer-inner\"><\/div>\n\t\t<\/div>\n\t\t\t\t<\/div>\n\t\t\t\t<\/div>\n\t\t\t\t\t<\/div>\n\t\t<\/div>\n\t\t\t\t\t\t\t<\/div>\n\t\t<\/section>\n\t\t\t\t<section class=\"elementor-section elementor-top-section elementor-element elementor-element-18bfd96 elementor-section-boxed elementor-section-height-default elementor-section-height-default\" data-id=\"18bfd96\" data-element_type=\"section\">\n\t\t\t\t\t\t<div class=\"elementor-container elementor-column-gap-default\">\n\t\t\t\t\t<div class=\"elementor-column elementor-col-100 elementor-top-column elementor-element elementor-element-8187753\" data-id=\"8187753\" data-element_type=\"column\">\n\t\t\t<div class=\"elementor-widget-wrap elementor-element-populated\">\n\t\t\t\t\t\t\t\t\t<\/div>\n\t\t<\/div>\n\t\t\t\t\t\t\t<\/div>\n\t\t<\/section>\n\t\t\t\t\t\t\t<\/div>\n\t\t","protected":false},"excerpt":{"rendered":"<p>Kochen f\u00fcr Deinen Vierbeiner Das Zubereiten von hausgemachtem Futter f\u00fcr deinen Hund bietet eine Reihe von Vorteilen: Kontrolle \u00fcber die Inhaltsstoffe:Beim selbst Kochen wei\u00dft du genau, welche Zutaten im Futter deines Hundes enthalten sind, und kannst sicherstellen, dass es frei von k\u00fcnstlichen Zusatzstoffen, Konservierungsstoffen oder minderwertigen Inhaltsstoffen ist. Anpassung an individuelle Bed\u00fcrfnisse:Du kannst die Mahlzeiten [&hellip;]<\/p>\n","protected":false},"author":6,"featured_media":0,"parent":0,"menu_order":0,"comment_status":"closed","ping_status":"closed","template":"","meta":{"footnotes":""},"class_list":["post-798","page","type-page","status-publish","hentry"],"yoast_head":"<!-- This site is optimized with the Yoast SEO plugin v18.8 - https:\/\/yoast.com\/wordpress\/plugins\/seo\/ -->\n<title>Kochen Du &amp; Ich - Buck &amp; Bones<\/title>\n<meta name=\"robots\" content=\"index, follow, max-snippet:-1, max-image-preview:large, max-video-preview:-1\" \/>\n<link rel=\"canonical\" href=\"https:\/\/buckandbones.de\/?page_id=798\" \/>\n<meta property=\"og:locale\" content=\"de_DE\" \/>\n<meta property=\"og:type\" content=\"article\" \/>\n<meta property=\"og:title\" content=\"Kochen Du &amp; Ich - Buck &amp; Bones\" \/>\n<meta property=\"og:description\" content=\"Kochen f\u00fcr Deinen Vierbeiner Das Zubereiten von hausgemachtem Futter f\u00fcr deinen Hund bietet eine Reihe von Vorteilen: Kontrolle \u00fcber die Inhaltsstoffe:Beim selbst Kochen wei\u00dft du genau, welche Zutaten im Futter deines Hundes enthalten sind, und kannst sicherstellen, dass es frei von k\u00fcnstlichen Zusatzstoffen, Konservierungsstoffen oder minderwertigen Inhaltsstoffen ist. Anpassung an individuelle Bed\u00fcrfnisse:Du kannst die Mahlzeiten [&hellip;]\" \/>\n<meta property=\"og:url\" content=\"https:\/\/buckandbones.de\/?page_id=798\" \/>\n<meta property=\"og:site_name\" content=\"Buck &amp; Bones\" \/>\n<meta property=\"article:modified_time\" content=\"2024-04-26T19:55:50+00:00\" \/>\n<meta name=\"twitter:card\" content=\"summary_large_image\" \/>\n<meta name=\"twitter:label1\" content=\"Gesch\u00e4tzte Lesezeit\" \/>\n\t<meta name=\"twitter:data1\" content=\"2\u00a0Minuten\" \/>\n<script type=\"application\/ld+json\" class=\"yoast-schema-graph\">{\"@context\":\"https:\/\/schema.org\",\"@graph\":[{\"@type\":\"WebSite\",\"@id\":\"https:\/\/buckandbones.de\/#website\",\"url\":\"https:\/\/buckandbones.de\/\",\"name\":\"Buck &amp; Bones\",\"description\":\"\",\"potentialAction\":[{\"@type\":\"SearchAction\",\"target\":{\"@type\":\"EntryPoint\",\"urlTemplate\":\"https:\/\/buckandbones.de\/?s={search_term_string}\"},\"query-input\":\"required name=search_term_string\"}],\"inLanguage\":\"de\"},{\"@type\":\"WebPage\",\"@id\":\"https:\/\/buckandbones.de\/?page_id=798#webpage\",\"url\":\"https:\/\/buckandbones.de\/?page_id=798\",\"name\":\"Kochen Du & Ich - Buck &amp; Bones\",\"isPartOf\":{\"@id\":\"https:\/\/buckandbones.de\/#website\"},\"datePublished\":\"2022-04-18T11:55:02+00:00\",\"dateModified\":\"2024-04-26T19:55:50+00:00\",\"breadcrumb\":{\"@id\":\"https:\/\/buckandbones.de\/?page_id=798#breadcrumb\"},\"inLanguage\":\"de\",\"potentialAction\":[{\"@type\":\"ReadAction\",\"target\":[\"https:\/\/buckandbones.de\/?page_id=798\"]}]},{\"@type\":\"BreadcrumbList\",\"@id\":\"https:\/\/buckandbones.de\/?page_id=798#breadcrumb\",\"itemListElement\":[{\"@type\":\"ListItem\",\"position\":1,\"name\":\"Home\",\"item\":\"https:\/\/buckandbones.de\/\"},{\"@type\":\"ListItem\",\"position\":2,\"name\":\"Kochen Du &#038; Ich\"}]}]}<\/script>\n<!-- \/ Yoast SEO plugin. -->","yoast_head_json":{"title":"Kochen Du & Ich - Buck &amp; Bones","robots":{"index":"index","follow":"follow","max-snippet":"max-snippet:-1","max-image-preview":"max-image-preview:large","max-video-preview":"max-video-preview:-1"},"canonical":"https:\/\/buckandbones.de\/?page_id=798","og_locale":"de_DE","og_type":"article","og_title":"Kochen Du & Ich - Buck &amp; Bones","og_description":"Kochen f\u00fcr Deinen Vierbeiner Das Zubereiten von hausgemachtem Futter f\u00fcr deinen Hund bietet eine Reihe von Vorteilen: Kontrolle \u00fcber die Inhaltsstoffe:Beim selbst Kochen wei\u00dft du genau, welche Zutaten im Futter deines Hundes enthalten sind, und kannst sicherstellen, dass es frei von k\u00fcnstlichen Zusatzstoffen, Konservierungsstoffen oder minderwertigen Inhaltsstoffen ist. Anpassung an individuelle Bed\u00fcrfnisse:Du kannst die Mahlzeiten [&hellip;]","og_url":"https:\/\/buckandbones.de\/?page_id=798","og_site_name":"Buck &amp; Bones","article_modified_time":"2024-04-26T19:55:50+00:00","twitter_card":"summary_large_image","twitter_misc":{"Gesch\u00e4tzte Lesezeit":"2\u00a0Minuten"},"schema":{"@context":"https:\/\/schema.org","@graph":[{"@type":"WebSite","@id":"https:\/\/buckandbones.de\/#website","url":"https:\/\/buckandbones.de\/","name":"Buck &amp; Bones","description":"","potentialAction":[{"@type":"SearchAction","target":{"@type":"EntryPoint","urlTemplate":"https:\/\/buckandbones.de\/?s={search_term_string}"},"query-input":"required name=search_term_string"}],"inLanguage":"de"},{"@type":"WebPage","@id":"https:\/\/buckandbones.de\/?page_id=798#webpage","url":"https:\/\/buckandbones.de\/?page_id=798","name":"Kochen Du & Ich - Buck &amp; Bones","isPartOf":{"@id":"https:\/\/buckandbones.de\/#website"},"datePublished":"2022-04-18T11:55:02+00:00","dateModified":"2024-04-26T19:55:50+00:00","breadcrumb":{"@id":"https:\/\/buckandbones.de\/?page_id=798#breadcrumb"},"inLanguage":"de","potentialAction":[{"@type":"ReadAction","target":["https:\/\/buckandbones.de\/?page_id=798"]}]},{"@type":"BreadcrumbList","@id":"https:\/\/buckandbones.de\/?page_id=798#breadcrumb","itemListElement":[{"@type":"ListItem","position":1,"name":"Home","item":"https:\/\/buckandbones.de\/"},{"@type":"ListItem","position":2,"name":"Kochen Du &#038; Ich"}]}]}},"_links":{"self":[{"href":"https:\/\/buckandbones.de\/index.php?rest_route=\/wp\/v2\/pages\/798","targetHints":{"allow":["GET"]}}],"collection":[{"href":"https:\/\/buckandbones.de\/index.php?rest_route=\/wp\/v2\/pages"}],"about":[{"href":"https:\/\/buckandbones.de\/index.php?rest_route=\/wp\/v2\/types\/page"}],"author":[{"embeddable":true,"href":"https:\/\/buckandbones.de\/index.php?rest_route=\/wp\/v2\/users\/6"}],"replies":[{"embeddable":true,"href":"https:\/\/buckandbones.de\/index.php?rest_route=%2Fwp%2Fv2%2Fcomments&post=798"}],"version-history":[{"count":29,"href":"https:\/\/buckandbones.de\/index.php?rest_route=\/wp\/v2\/pages\/798\/revisions"}],"predecessor-version":[{"id":1386,"href":"https:\/\/buckandbones.de\/index.php?rest_route=\/wp\/v2\/pages\/798\/revisions\/1386"}],"wp:attachment":[{"href":"https:\/\/buckandbones.de\/index.php?rest_route=%2Fwp%2Fv2%2Fmedia&parent=798"}],"curies":[{"name":"wp","href":"https:\/\/api.w.org\/{rel}","templated":true}]}}